{"id":413,"date":"2018-12-11T11:14:35","date_gmt":"2018-12-11T11:14:35","guid":{"rendered":"https:\/\/democontent.codex-themes.com\/sites-elementor\/medical-center\/?page_id=413"},"modified":"2025-11-04T18:19:02","modified_gmt":"2025-11-04T18:19:02","slug":"our-clinic","status":"publish","type":"page","link":"https:\/\/www.quickmedikal.com\/index.php\/about-us\/our-clinic\/","title":{"rendered":"Hakk\u0131m\u0131zda"},"content":{"rendered":"\t\t<div data-elementor-type=\"wp-page\" data-elementor-id=\"413\" class=\"elementor elementor-413\" data-elementor-post-type=\"page\">\n\t\t\t\t\t\t<main class=\"elementor-section elementor-top-section elementor-element elementor-element-1ef5051 elementor-section-boxed elementor-section-height-default elementor-section-height-default\" data-id=\"1ef5051\" data-element_type=\"section\">\r\n\t\t\t\t\t\t<div class=\"elementor-container elementor-column-gap-thegem\"><div class=\"elementor-row\">\r\n\t\t\t\t\t<div class=\"elementor-column elementor-col-50 elementor-top-column elementor-element elementor-element-56ffbc7\" data-id=\"56ffbc7\" data-element_type=\"column\">\n\t\t\t<div class=\"elementor-widget-wrap elementor-element-populated\">\n\t\t\t\t\t\t<div class=\"elementor-element elementor-element-108426b flex-horizontal-align-default flex-horizontal-align-tablet-default flex-horizontal-align-mobile-default flex-vertical-align-default flex-vertical-align-tablet-default flex-vertical-align-mobile-default elementor-widget elementor-widget-heading\" data-id=\"108426b\" data-element_type=\"widget\" data-widget_type=\"heading.default\">\n\t\t\t\t<div class=\"elementor-widget-container\">\n\t\t\t\t\t<div class=\"styled-subtitle elementor-heading-title elementor-size-default\"><p class=\"MsoNormal\" style=\"margin: 0cm 0cm 8pt;line-height: 15.6933px;font-size: 11pt;font-family: Calibri, sans-serif\"><br><\/p>Merhaba!Quick Medikal,\u0130ki arkada\u015f olarak yola \u00e7\u0131km\u0131\u015f cihaz bak\u0131m ve onar\u0131m alan\u0131nda hastaneler \u00f6zel \u00e7\u00f6z\u00fcmler sunan ekibiz. Amac\u0131m\u0131z,sa\u011fl\u0131k sekt\u00f6r\u00fcn\u00fcn ihtiya\u00e7lar\u0131na yarat\u0131c\u0131 ve g\u00fcvenilir hizmetlerle yan\u0131r vermek.Her bir projede cihazlar\u0131n\u0131z\u0131n sorunsuz \u00e7al\u0131\u015fmas\u0131n\u0131 sa\u011flamak i\u00e7in tutkuyla \u00e7al\u0131\u015f\u0131yoruz.\nNeden Biz? \u00c7\u00fcnk\u00fc i\u015fimizi sadece bir g\u00f6rev olarak g\u00f6rm\u00fcyor,her zaman en iyisini sunmak i\u00e7in yenilik\u00e7i yollar ar\u0131yoruz.Samimiyetle,sizin g\u00fcveninizi kazanmay\u0131 ve sekt\u00f6rde tercih edilen bir marka olmay\u0131 hedefliyoruz.\n Haydi birlikte \u00e7al\u0131\u015fal\u0131m ve cihazlar\u0131n\u0131z\u0131 en iyi eller tutal\u0131m.\n<\/div>\t\t\t\t<\/div>\n\t\t\t\t<\/div>\n\t\t\t\t\t<\/div>\n\t\t<\/div>\n\t\t\t\t<div class=\"elementor-column elementor-col-50 elementor-top-column elementor-element elementor-element-2db01e2\" data-id=\"2db01e2\" data-element_type=\"column\">\n\t\t\t<div class=\"elementor-widget-wrap elementor-element-populated\">\n\t\t\t\t\t\t<div class=\"elementor-element elementor-element-6efd12d flex-horizontal-align-default flex-horizontal-align-tablet-default flex-horizontal-align-mobile-default flex-vertical-align-default flex-vertical-align-tablet-default flex-vertical-align-mobile-default elementor-widget elementor-widget-thegem-styledimage\" data-id=\"6efd12d\" data-element_type=\"widget\" data-settings=\"{&quot;image&quot;:{&quot;url&quot;:&quot;https:\\\/\\\/demo.quickmedikal.com\\\/wp-content\\\/uploads\\\/2025\\\/06\\\/2-8.jpg&quot;,&quot;id&quot;:&quot;948&quot;,&quot;size&quot;:&quot;&quot;},&quot;thegem_elementor_preset&quot;:&quot;default&quot;,&quot;image_position&quot;:&quot;left&quot;,&quot;icon_show&quot;:&quot;yes&quot;}\" data-widget_type=\"thegem-styledimage.default\">\n\t\t\t\t<div class=\"elementor-widget-container\">\n\t\t\t\t\t\n<div class=\"styled-image-wrapper\">\n\t\t\t<div class=\"gem-image gem-wrapbox gem-wrapbox-default gem-wrapbox-position-left lazy-loading \">\n\t\t\t<div class=\"gem-wrapbox-inner  lazy-loading-item\"  data-ll-effect=\"move-up\">\n\t\t\t\t\t\t\t\t<a href=\"https:\/\/demo.quickmedikal.com\/wp-content\/uploads\/2025\/06\/2-8.jpg\" class=\"fancybox\">\n\t\t\t\t\t\t\t\t\t\t<img class=\"gem-wrapbox-element img-responsive \"\n\t\t\t\t\t\t src=\"https:\/\/www.quickmedikal.com\/wp-content\/uploads\/2025\/06\/2-8.jpg\"\n\t\t\t\t\t\t alt=\"2-8.jpg (Demo)\">\n\t\t\t\t\t\t\t\t\t\t<svg aria-hidden=\"true\" class=\"e-font-icon-svg e-fas-camera\" viewBox=\"0 0 512 512\" xmlns=\"http:\/\/www.w3.org\/2000\/svg\"><path d=\"M512 144v288c0 26.5-21.5 48-48 48H48c-26.5 0-48-21.5-48-48V144c0-26.5 21.5-48 48-48h88l12.3-32.9c7-18.7 24.9-31.1 44.9-31.1h125.5c20 0 37.9 12.4 44.9 31.1L376 96h88c26.5 0 48 21.5 48 48zM376 288c0-66.2-53.8-120-120-120s-120 53.8-120 120 53.8 120 120 120 120-53.8 120-120zm-32 0c0 48.5-39.5 88-88 88s-88-39.5-88-88 39.5-88 88-88 88 39.5 88 88z\"><\/path><\/svg>\t\t\t\t<\/a>\n\t\t\t\t\t\t<\/div>\n\t\t<\/div>\n\t\t<\/div>\n\n\n\t\n\t\t\t\t\t\t<\/div>\n\t\t\t\t<\/div>\n\t\t\t\t\t<\/div>\n\t\t<\/div>\n\t\t\t\t\t<\/div><\/div>\r\n\t\t<\/main>\r\n\t\t\t\t<section class=\"elementor-section elementor-top-section elementor-element elementor-element-5796319 elementor-section-boxed elementor-section-height-default elementor-section-height-default\" data-id=\"5796319\" data-element_type=\"section\">\r\n\t\t\t\t\t\t<div class=\"elementor-container elementor-column-gap-thegem\"><div class=\"elementor-row\">\r\n\t\t\t\t\t<div class=\"elementor-column elementor-col-50 elementor-top-column elementor-element elementor-element-cde4366\" data-id=\"cde4366\" data-element_type=\"column\">\n\t\t\t<div class=\"elementor-widget-wrap elementor-element-populated\">\n\t\t\t\t\t\t<div class=\"elementor-element elementor-element-a0b0bc7 flex-horizontal-align-default flex-horizontal-align-tablet-default flex-horizontal-align-mobile-default flex-vertical-align-default flex-vertical-align-tablet-default flex-vertical-align-mobile-default elementor-widget elementor-widget-thegem-styledimage\" data-id=\"a0b0bc7\" data-element_type=\"widget\" data-settings=\"{&quot;image&quot;:{&quot;url&quot;:&quot;https:\\\/\\\/demo.quickmedikal.com\\\/wp-content\\\/uploads\\\/2025\\\/06\\\/3-6.jpg&quot;,&quot;id&quot;:&quot;949&quot;,&quot;size&quot;:&quot;&quot;},&quot;thegem_elementor_preset&quot;:&quot;default&quot;,&quot;image_position&quot;:&quot;left&quot;,&quot;icon_show&quot;:&quot;yes&quot;}\" data-widget_type=\"thegem-styledimage.default\">\n\t\t\t\t<div class=\"elementor-widget-container\">\n\t\t\t\t\t\n<div class=\"styled-image-wrapper\">\n\t\t\t<div class=\"gem-image gem-wrapbox gem-wrapbox-default gem-wrapbox-position-left lazy-loading \">\n\t\t\t<div class=\"gem-wrapbox-inner  lazy-loading-item\"  data-ll-effect=\"move-up\">\n\t\t\t\t\t\t\t\t<a href=\"https:\/\/demo.quickmedikal.com\/wp-content\/uploads\/2025\/06\/3-6.jpg\" class=\"fancybox\">\n\t\t\t\t\t\t\t\t\t\t<img class=\"gem-wrapbox-element img-responsive \"\n\t\t\t\t\t\t src=\"https:\/\/www.quickmedikal.com\/wp-content\/uploads\/2025\/06\/3-6.jpg\"\n\t\t\t\t\t\t alt=\"3-6.jpg (Demo)\">\n\t\t\t\t\t\t\t\t\t\t<svg aria-hidden=\"true\" class=\"e-font-icon-svg e-fas-camera\" viewBox=\"0 0 512 512\" xmlns=\"http:\/\/www.w3.org\/2000\/svg\"><path d=\"M512 144v288c0 26.5-21.5 48-48 48H48c-26.5 0-48-21.5-48-48V144c0-26.5 21.5-48 48-48h88l12.3-32.9c7-18.7 24.9-31.1 44.9-31.1h125.5c20 0 37.9 12.4 44.9 31.1L376 96h88c26.5 0 48 21.5 48 48zM376 288c0-66.2-53.8-120-120-120s-120 53.8-120 120 53.8 120 120 120 120-53.8 120-120zm-32 0c0 48.5-39.5 88-88 88s-88-39.5-88-88 39.5-88 88-88 88 39.5 88 88z\"><\/path><\/svg>\t\t\t\t<\/a>\n\t\t\t\t\t\t<\/div>\n\t\t<\/div>\n\t\t<\/div>\n\n\n\t\n\t\t\t\t\t\t<\/div>\n\t\t\t\t<\/div>\n\t\t\t\t\t<\/div>\n\t\t<\/div>\n\t\t\t\t<div class=\"elementor-column elementor-col-50 elementor-top-column elementor-element elementor-element-faeadb2\" data-id=\"faeadb2\" data-element_type=\"column\">\n\t\t\t<div class=\"elementor-widget-wrap elementor-element-populated\">\n\t\t\t\t\t\t<div class=\"elementor-element elementor-element-7e16524 flex-horizontal-align-default flex-horizontal-align-tablet-default flex-horizontal-align-mobile-default flex-vertical-align-default flex-vertical-align-tablet-default flex-vertical-align-mobile-default elementor-widget elementor-widget-heading\" data-id=\"7e16524\" data-element_type=\"widget\" data-widget_type=\"heading.default\">\n\t\t\t\t<div class=\"elementor-widget-container\">\n\t\t\t\t\t<div class=\"styled-subtitle elementor-heading-title elementor-size-default\">Misyonumuz;H\u0131zl\u0131,G\u00fcvenilir ve Yenilik\u00e7i servis hizmetleriyle m\u00fc\u015fterilerimiz ekipmanlar\u0131n\u0131 optimum performansla \u00e7al\u0131\u015f\u0131r halde tutmak.\n Deneyimli ekibimizle birlikte,ar\u0131za giderilmesini ve yedek par\u00e7a teminini \u00fcstlenerek m\u00fc\u015fterilerimize zaman tasarrufu,maliyet avantaj\u0131 ve tam uyumluluk garantisi.\n<\/div>\t\t\t\t<\/div>\n\t\t\t\t<\/div>\n\t\t\t\t\t<\/div>\n\t\t<\/div>\n\t\t\t\t\t<\/div><\/div>\r\n\t\t<\/section>\r\n\t\t\t\t<section class=\"elementor-section elementor-top-section elementor-element elementor-element-ee225dd elementor-section-full_width elementor-section-height-default elementor-section-height-default\" data-id=\"ee225dd\" data-element_type=\"section\">\r\n\t\t\t\t\t\t<div class=\"elementor-container elementor-column-gap-no\"><div class=\"elementor-row\">\r\n\t\t\t\t\t<div class=\"elementor-column elementor-col-100 elementor-top-column elementor-element elementor-element-0e258fa\" data-id=\"0e258fa\" data-element_type=\"column\">\n\t\t\t<div class=\"elementor-widget-wrap\">\n\t\t\t\t\t\t\t<\/div>\n\t\t<\/div>\n\t\t\t\t\t<\/div><\/div>\r\n\t\t<\/section>\r\n\t\t\t\t<\/div>\n\t\t","protected":false},"excerpt":{"rendered":"<p>Merhaba!Quick Medikal,\u0130ki arkada\u015f olarak yola \u00e7\u0131km\u0131\u015f cihaz bak\u0131m ve onar\u0131m alan\u0131nda hastaneler \u00f6zel \u00e7\u00f6z\u00fcmler sunan ekibiz. Amac\u0131m\u0131z,sa\u011fl\u0131k sekt\u00f6r\u00fcn\u00fcn ihtiya\u00e7lar\u0131na yarat\u0131c\u0131&#8230;<\/p>\n","protected":false},"author":1,"featured_media":0,"parent":556,"menu_order":-1,"comment_status":"closed","ping_status":"closed","template":"page-fullwidth.php","meta":{"footnotes":""},"class_list":["post-413","page","type-page","status-publish"],"_links":{"self":[{"href":"https:\/\/www.quickmedikal.com\/index.php\/wp-json\/wp\/v2\/pages\/413","targetHints":{"allow":["GET"]}}],"collection":[{"href":"https:\/\/www.quickmedikal.com\/index.php\/wp-json\/wp\/v2\/pages"}],"about":[{"href":"https:\/\/www.quickmedikal.com\/index.php\/wp-json\/wp\/v2\/types\/page"}],"author":[{"embeddable":true,"href":"https:\/\/www.quickmedikal.com\/index.php\/wp-json\/wp\/v2\/users\/1"}],"replies":[{"embeddable":true,"href":"https:\/\/www.quickmedikal.com\/index.php\/wp-json\/wp\/v2\/comments?post=413"}],"version-history":[{"count":4,"href":"https:\/\/www.quickmedikal.com\/index.php\/wp-json\/wp\/v2\/pages\/413\/revisions"}],"predecessor-version":[{"id":1019,"href":"https:\/\/www.quickmedikal.com\/index.php\/wp-json\/wp\/v2\/pages\/413\/revisions\/1019"}],"up":[{"embeddable":true,"href":"https:\/\/www.quickmedikal.com\/index.php\/wp-json\/wp\/v2\/pages\/556"}],"wp:attachment":[{"href":"https:\/\/www.quickmedikal.com\/index.php\/wp-json\/wp\/v2\/media?parent=413"}],"curies":[{"name":"wp","href":"https:\/\/api.w.org\/{rel}","templated":true}]}}